{"id":1005,"date":"2025-11-19T17:07:58","date_gmt":"2025-11-19T17:07:58","guid":{"rendered":"https:\/\/balticlodge.pl\/?page_id=1005"},"modified":"2025-11-22T10:02:54","modified_gmt":"2025-11-22T10:02:54","slug":"podminky-baltic-lodge","status":"publish","type":"page","link":"https:\/\/balticlodge.pl\/cs\/podminky-baltic-lodge\/","title":{"rendered":"Podm\u00ednky Baltic Lodge"},"content":{"rendered":"<section class=\"l-section wpb_row height_medium\" id=\"regulamin\"><div class=\"l-section-h i-cf\"><div class=\"g-cols vc_row via_flex valign_top type_default stacking_default\"><div class=\"vc_col-sm-12 wpb_column vc_column_container\"><div class=\"vc_column-inner\"><div class=\"wpb_wrapper\"><div class=\"w-separator us_custom_c822cfd9 has_text_color size_huge with_line width_default thick_1 style_solid color_border align_center with_text with_content\"><div class=\"w-separator-h\"><h3 class=\"w-separator-text\"><span>PROVOZN\u00cd \u0158\u00c1D REKREA\u010cN\u00cdHO ST\u0158EDISKA BALTIC LODGE<\/span><\/h3><\/div><\/div><div class=\"wpb_text_column\"><div class=\"wpb_wrapper\"><h5 style=\"text-align: center;\">\u00a7 1 OBECN\u00c1 USTANOVEN\u00cd<\/h5>\n<ol>\n<li>Tento Provozn\u00ed \u0159\u00e1d (d\u00e1le jen \u201e\u0158\u00e1d\u201c) stanov\u00ed pravidla poskytov\u00e1n\u00ed slu\u017eeb pron\u00e1jmu chat spole\u010dnosti BALTIC LODGE S.C. se s\u00eddlem Boduszewo 15A, 62-095 Boduszewo, NIP: 781-193-69-86 (d\u00e1le jen \u201eBaltic Lodge\u201c) v rekrea\u010dn\u00edm st\u0159edisku v Pobierow\u011b, ul. W\u0105ska 2a (d\u00e1le jen \u201eSt\u0159edisko\u201c).<\/li>\n<li>Osoba prov\u00e1d\u011bj\u00edc\u00ed rezervaci (d\u00e1le jen \u201eRezervuj\u00edc\u00ed\u201c) a ka\u017ed\u00e1 osoba vyu\u017e\u00edvaj\u00edc\u00ed slu\u017eby pron\u00e1jmu chat ve St\u0159edisku (d\u00e1le jen \u201eHost\u201c) jsou povinni se s \u0158\u00e1dem sezn\u00e1mit. Uhrada z\u00e1lohy na pron\u00e1jem nebo podpis p\u0159ihla\u0161ovac\u00ed karty znamen\u00e1, \u017ee Rezervuj\u00edc\u00ed i Host podm\u00ednky \u0158\u00e1du akceptuj\u00ed.<\/li>\n<li>\u0158\u00e1d je z\u00e1vazn\u00fd pro Rezervuj\u00edc\u00ed i v\u0161echny osoby nach\u00e1zej\u00edc\u00ed se v are\u00e1lu St\u0159ediska.<\/li>\n<\/ol>\n<h5 style=\"text-align: center;\">\u00a7 2 REZERVACE A UBYTOV\u00c1N\u00cd<\/h5>\n<ol start=\"4\">\n<li>Cen\u00edk slu\u017eeb Baltic Lodge a dodate\u010dn\u00fdch poplatk\u016f (d\u00e1le jen \u201eCen\u00edk\u201c) je k dispozici na webov\u00fdch str\u00e1nk\u00e1ch balticlodge.pl.<\/li>\n<li>Maxim\u00e1ln\u00ed po\u010det Host\u016f v jedn\u00e9 chat\u011b je 7 osob.<\/li>\n<li>Minim\u00e1ln\u00ed d\u00e9lky pron\u00e1jmu podle sez\u00f3ny jsou uvedeny v Cen\u00edku.<\/li>\n<li>Rezervace chaty ve St\u0159edisku je mo\u017en\u00e1 pouze telefonicky na \u010d\u00edsle +48 501 858 911 nebo prost\u0159ednictv\u00edm e-mailu na adrese kontakt@balticlodge.pl.<\/li>\n<li>Hostem m\u016f\u017ee b\u00fdt Rezervuj\u00edc\u00ed nebo jin\u00e1 j\u00edm ur\u010den\u00e1 osoba.<\/li>\n<li>Podm\u00ednkou proveden\u00ed rezervace je uveden\u00ed \u00fapln\u00fdch \u00fadaj\u016f Rezervuj\u00edc\u00edho (jm\u00e9no, p\u0159\u00edjmen\u00ed, adresa trval\u00e9ho pobytu, telefonn\u00ed kontakt a e-mailov\u00e1 adresa), uveden\u00ed p\u0159\u00edjmen\u00ed alespo\u0148 jednoho dosp\u011bl\u00e9ho Hostu, po\u010det Host\u016f, kter\u00fdch se rezervace t\u00fdk\u00e1 (zvl\u00e1\u0161\u0165 dosp\u011bl\u00ed a d\u011bti), a v\u010dasn\u00e1 \u00fahrada z\u00e1lohy ve v\u00fd\u0161i stanoven\u00e9 Baltic Lodge dle Cen\u00edku.<\/li>\n<li>\u00dahrada z\u00e1lohy je rovnocenn\u00e1 uzav\u0159en\u00ed smlouvy o pron\u00e1jmu mezi Rezervuj\u00edc\u00edm a Baltic Lodge, co\u017e znamen\u00e1 potvrzenou rezervaci.<\/li>\n<li>Nedodr\u017een\u00ed term\u00ednu \u00fahrady cel\u00e9 v\u00fd\u0161e z\u00e1lohy dle Cen\u00edku a dat rezervace m\u00e1 za n\u00e1sledek zru\u0161en\u00ed smlouvy popsan\u00e9 v bod\u011b 10 a ponech\u00e1n\u00ed cel\u00e9 dosud uhrazen\u00e9 z\u00e1lohy Baltic Lodge.<\/li>\n<li>V p\u0159\u00edpad\u011b zru\u0161en\u00ed rezervace Rezervuj\u00edc\u00edm doch\u00e1z\u00ed ke zru\u0161en\u00ed smlouvy popsan\u00e9 v bod\u011b 10. Pokud k tomu dojde m\u00e9n\u011b ne\u017e 31 dn\u00ed p\u0159ed datem zah\u00e1jen\u00ed pobytu uveden\u00fdm v potvrzen\u00e9 rezervaci, bude Rezervuj\u00edc\u00ed zat\u00ed\u017een poplatkem ve v\u00fd\u0161i 100 % v\u00fd\u0161e z\u00e1lohy po\u017eadovan\u00e9 k dan\u00e9mu dni dle Cen\u00edku. Poplatek bude sra\u017een Baltic Lodge z ji\u017e zaplacen\u00e9 z\u00e1lohy; p\u0159\u00edpadn\u00fd rozd\u00edl bude vr\u00e1cen p\u0159evodem na \u00fa\u010det uveden\u00fd Rezervuj\u00edc\u00edm.<\/li>\n<li>Ve zvl\u00e1\u0161tn\u00edch p\u0159\u00edpadech, zejm\u00e9na p\u0159i dolo\u017een\u00ed okolnost\u00ed od\u016fvod\u0148uj\u00edc\u00edch zru\u0161en\u00ed rezervace, m\u016f\u017ee Baltic Lodge upustit od \u00fa\u010dtov\u00e1n\u00ed poplatku uveden\u00e9ho v bod\u011b 12.<\/li>\n<li>Rezervuj\u00edc\u00ed nem\u00e1 pr\u00e1vo odstoupit od smlouvy podle \u010dl. 38 bod 12 z\u00e1kona ze dne 30. kv\u011btna 2014 o pr\u00e1vech spot\u0159ebitel\u016f.<\/li>\n<li>Platby za slu\u017eby Baltic Lodge lze prov\u00e1d\u011bt v polsk\u00fdch zlot\u00fdch nebo v eurech dle sazeb uveden\u00fdch v Cen\u00edku.<\/li>\n<li>Baltic Lodge vystavuje faktury VAT.<\/li>\n<li>Alespo\u0148 jeden z Host\u016f ubytovan\u00fdch v dan\u00e9 chat\u011b v r\u00e1mci jedn\u00e9 rezervace mus\u00ed b\u00fdt p\u0159ihl\u00e1\u0161en.<\/li>\n<li>P\u0159ihl\u00e1\u0161en\u00ed Hostu prob\u00edh\u00e1 na recepci St\u0159ediska po p\u0159edlo\u017een\u00ed ob\u010dansk\u00e9ho pr\u016fkazu, podpisu p\u0159ihla\u0161ovac\u00ed karty a \u00fahrad\u011b dodate\u010dn\u00fdch poplatk\u016f dle Cen\u00edku. Host\u016fm jsou n\u00e1sledn\u011b p\u0159ed\u00e1ny kl\u00ed\u010de od chaty. Za uveden\u00ed \u00fadaj\u016f o nezletil\u00fdch Hostech odpov\u00eddaj\u00ed dosp\u011bl\u00e9 osoby ubytovan\u00e9 s nimi.<\/li>\n<li>Jeden z p\u0159ihla\u0161uj\u00edc\u00edch se Host\u016f je povinen slo\u017eit kauci dle Cen\u00edku. Kauce bude vy\u00fa\u010dtov\u00e1na p\u0159i odjezdu posledn\u00edho Hostu z dan\u00e9 chaty.<\/li>\n<li>Baltic Lodge m\u016f\u017ee odm\u00edtnout ubytovat Hosty, kte\u0159\u00ed v minulosti hrub\u011b poru\u0161ili \u0158\u00e1d.<\/li>\n<li>V p\u0159\u00edpad\u011b zji\u0161t\u011bn\u00ed z\u00e1vad nebo chyb\u011bj\u00edc\u00edho vybaven\u00ed v chat\u011b mus\u00ed Host tuto skute\u010dnost nahl\u00e1sit na recepci; jinak m\u016f\u017ee b\u00fdt odpov\u011bdn\u00fd za \u0161kody.<\/li>\n<li>Odhl\u00e1\u0161en\u00ed Host\u016f prob\u00edh\u00e1 odevzd\u00e1n\u00edm chaty pracovn\u00edkovi recepce, \u00fahradou ve\u0161ker\u00fdch poplatk\u016f dle Cen\u00edku, kontrolou stavu chaty a vr\u00e1cen\u00edm kl\u00ed\u010d\u016f. Kauce je vr\u00e1cena, av\u0161ak v p\u0159\u00edpad\u011b \u0161kod nebo chyb\u011bj\u00edc\u00edho vybaven\u00ed bude sn\u00ed\u017eena o jejich hodnotu.<\/li>\n<li>Z\u00e1m\u011br prodlou\u017een\u00ed pobytu mus\u00ed b\u00fdt nahl\u00e1\u0161en nejpozd\u011bji do 15:00 dne p\u0159ed uplynut\u00edm rezervovan\u00e9ho obdob\u00ed. Prodlou\u017een\u00ed je mo\u017en\u00e9 pouze v p\u0159\u00edpad\u011b voln\u00fdch chat.<\/li>\n<li>V p\u0159\u00edpad\u011b zkr\u00e1cen\u00ed pobytu je Rezervuj\u00edc\u00ed povinen uhradit plnou cenu rezervace.<\/li>\n<\/ol>\n<h5 style=\"text-align: center;\">\u00a7 3 PRAVIDLA POBYTU<\/h5>\n<ol start=\"25\">\n<li>Ubytovac\u00ed den za\u010d\u00edn\u00e1 v 15:00 a kon\u010d\u00ed v 10:00.<\/li>\n<li>No\u010dn\u00ed klid plat\u00ed od 22:00 do 6:00.<\/li>\n<li>Pobyt osob mlad\u0161\u00edch 18 let je povolen pouze pod dohledem dosp\u011bl\u00e9 osoby. Pobyt d\u011bt\u00ed na h\u0159i\u0161ti je dovolen pouze pod dohledem dosp\u011bl\u00e9ho a na jeho odpov\u011bdnost.<\/li>\n<li>Host\u00e9 jsou povinni udr\u017eovat chatu v \u0159\u00e1dn\u00e9m stavu, zamykat ji p\u0159i opu\u0161t\u011bn\u00ed a chr\u00e1nit kl\u00ed\u010de p\u0159ed p\u0159\u00edstupem t\u0159et\u00edch osob. Z bezpe\u010dnostn\u00edch d\u016fvod\u016f mus\u00ed p\u0159i odchodu vypnout elektrick\u00e1 za\u0159\u00edzen\u00ed a uzav\u0159\u00edt vodovodn\u00ed kohoutky.<\/li>\n<li>Kou\u0159en\u00ed v chat\u00e1ch a v ostatn\u00edch m\u00edstnostech St\u0159ediska je zak\u00e1z\u00e1no. Poru\u0161en\u00ed tohoto z\u00e1kazu je sankcionov\u00e1no pokutou 500 PLN.<\/li>\n<li>Zakazuje se zakr\u00fdv\u00e1n\u00ed topn\u00fdch t\u011bles v chat\u00e1ch, zejm\u00e9na v\u011b\u0161en\u00edm od\u011bv\u016f a ru\u010dn\u00edk\u016f. Od\u011bvy a ru\u010dn\u00edky lze v\u011b\u0161et pouze na koupelnov\u00fd radi\u00e1tor.<\/li>\n<li>P\u0159i pou\u017e\u00edv\u00e1n\u00ed rozkl\u00e1dac\u00ed pohovky jako l\u016f\u017eka jsou Host\u00e9 povinni pou\u017e\u00edvat ochrann\u00e9 prost\u011bradlo.<\/li>\n<li>V chat\u00e1ch je zak\u00e1z\u00e1no uchov\u00e1vat nebezpe\u010dn\u00e9 p\u0159edm\u011bty, nap\u0159. zbran\u011b, munici, v\u00fdbu\u0161niny a pyrotechniku.<\/li>\n<li>Baltic Lodge nenese odpov\u011bdnost za ztr\u00e1tu pen\u011bz, cennost\u00ed, cenn\u00fdch pap\u00edr\u016f ani p\u0159edm\u011bt\u016f v\u011bdeck\u00e9 \u010di um\u011bleck\u00e9 hodnoty na \u00fazem\u00ed St\u0159ediska.<\/li>\n<li>Are\u00e1l St\u0159ediska je monitorov\u00e1n.<\/li>\n<li>Pobyt dom\u00e1c\u00edch zv\u00ed\u0159at je povolen, s v\u00fdjimkou exotick\u00fdch zv\u00ed\u0159at. Pobyt v\u00edce ne\u017e jednoho zv\u00ed\u0159ete podl\u00e9h\u00e1 poplatku dle Cen\u00edku. Pobyt zv\u00ed\u0159ete nad 10 kg nebo v\u00edce zv\u00ed\u0159at je nutn\u00e9 p\u0159edem dohodnout p\u0159i rezervaci. Ka\u017ed\u00e1 osoba je povinna zajistit, aby zv\u00ed\u0159e nep\u0159edstavovalo ohro\u017een\u00ed ani obt\u011b\u017eov\u00e1n\u00ed pro ostatn\u00ed Hosty a person\u00e1l. M\u00e1 tak\u00e9 povinnost ukl\u00edzet po zv\u00ed\u0159eti.<\/li>\n<li>Host\u016fm je zak\u00e1z\u00e1no pou\u017e\u00edvat vlastn\u00ed za\u0159\u00edzen\u00ed v chat\u00e1ch (nap\u0159. grily v\u010detn\u011b elektrick\u00fdch, ponorn\u00e9 va\u0159i\u010de, topidla) bez souhlasu recepce. Je zak\u00e1z\u00e1no rozd\u011bl\u00e1vat ohn\u011b a grilovat mimo m\u00edsta k tomu ur\u010den\u00e1 a pou\u017e\u00edvat pyrotechniku.<\/li>\n<li>Je zak\u00e1z\u00e1no prov\u00e1d\u011bt jak\u00e9koli \u00fapravy v chat\u00e1ch nebo jejich vybaven\u00ed.<\/li>\n<li>Je zak\u00e1z\u00e1no vytv\u00e1\u0159et nadm\u011brn\u00fd hluk, nep\u0159\u00edjemn\u00e9 z\u00e1pachy nebo jin\u00e9 obt\u011b\u017euj\u00edc\u00ed okolnosti.<\/li>\n<li>Odpadky je nutn\u00e9 ukl\u00e1dat pouze do n\u00e1dob na ur\u010den\u00fdch m\u00edstech a t\u0159\u00eddit je dle ozna\u010den\u00ed.<\/li>\n<li>Ke ka\u017ed\u00e9 pronajat\u00e9 chat\u011b n\u00e1le\u017e\u00ed jedno parkovac\u00ed m\u00edsto. Dal\u0161\u00ed parkovac\u00ed m\u00edsta lze zakoupit dle dostupnosti a Cen\u00edku.<\/li>\n<li>Host\u00e9 odpov\u00eddaj\u00ed za \u0161kody zp\u016fsoben\u00e9 jejich vinou podle Ob\u010dansk\u00e9ho z\u00e1kon\u00edku. Jsou povinni \u0161kodu neprodlen\u011b nahl\u00e1sit recepci.<\/li>\n<\/ol>\n<h5 style=\"text-align: center;\">\u00a7 4 ODPOV\u011aDNOST BALTIC LODGE<\/h5>\n<ol start=\"42\">\n<li>Baltic Lodge odpov\u00edd\u00e1 za \u0161kody na zdrav\u00ed nebo majetku Host\u016f na \u00fazem\u00ed St\u0159ediska dle platn\u00fdch pr\u00e1vn\u00edch p\u0159edpis\u016f. Host je povinen nahl\u00e1sit \u0161kodu neprodlen\u011b po jej\u00edm zji\u0161t\u011bn\u00ed.<\/li>\n<li>V p\u0159\u00edpad\u011b zanech\u00e1n\u00ed v\u011bc\u00ed v chat\u011b po odhl\u00e1\u0161en\u00ed je Baltic Lodge povinna postupovat podle z\u00e1kona o nalezen\u00fdch v\u011bcech ze dne 20. \u00fanora 2015.<\/li>\n<\/ol>\n<h5 style=\"text-align: center;\">\u00a7 5 REKLAMACE<\/h5>\n<ol start=\"44\">\n<li>Reklamace lze pod\u00e1vat z d\u016fvodu neproveden\u00ed nebo vadn\u00e9ho proveden\u00ed slu\u017eeb Baltic Lodge.<\/li>\n<li>Reklamaci lze podat do 30 dn\u016f ode dne zji\u0161t\u011bn\u00ed nedostatku.<\/li>\n<li>Lze ji podat \u00fastn\u011b na recepci, p\u00edsemn\u011b na adresu s\u00eddla Baltic Lodge nebo e-mailem na kontakt@balticlodge.pl.<\/li>\n<li>Reklamace mus\u00ed obsahovat: jm\u00e9no, p\u0159\u00edjmen\u00ed, kontaktn\u00ed \u00fadaje, obdob\u00ed rezervace a popis nedostatku.<\/li>\n<li>Reklamace jsou vy\u0159izov\u00e1ny do 30 dn\u016f od doru\u010den\u00ed; lh\u016fta m\u016f\u017ee b\u00fdt prodlou\u017eena po informov\u00e1n\u00ed pod\u00e1vaj\u00edc\u00edho. \u00dastn\u00ed reklamace se Baltic Lodge bude sna\u017eit vy\u0159\u00eddit bez zbyte\u010dn\u00e9ho odkladu.<\/li>\n<\/ol>\n<h5 style=\"text-align: center;\">\u00a7 6 Z\u00c1V\u011aRE\u010cN\u00c1 USTANOVEN\u00cd<\/h5>\n<ol start=\"49\">\n<li>Rezervuj\u00edc\u00ed a Host\u00e9 souhlas\u00ed se zpracov\u00e1n\u00edm sv\u00fdch osobn\u00edch \u00fadaj\u016f podle Na\u0159\u00edzen\u00ed GDPR (EU 2016\/679) a z\u00e1kona ze dne 10. kv\u011btna 2018 o ochran\u011b osobn\u00edch \u00fadaj\u016f, pro \u00fa\u010dely pln\u011bn\u00ed smlouvy uveden\u00e9 v bod\u011b 10.<\/li>\n<li>V p\u0159\u00edpadech neupraven\u00fdch \u0158\u00e1dem se pou\u017eij\u00ed p\u0159\u00edslu\u0161n\u00e1 ustanoven\u00ed Ob\u010dansk\u00e9ho z\u00e1kon\u00edku a ostatn\u00ed obecn\u011b z\u00e1vazn\u00e9 pr\u00e1vn\u00ed p\u0159edpisy.<\/li>\n<li>Ve\u0161ker\u00e9 spory mezi Baltic Lodge a Rezervuj\u00edc\u00edm nebo Hostem budou, pokud nedojde k dohod\u011b, \u0159e\u0161eny p\u0159\u00edslu\u0161n\u00fdm soudem.<\/li>\n<li>V are\u00e1lu St\u0159ediska je zak\u00e1z\u00e1n podomn\u00ed prodej, poskytov\u00e1n\u00ed jin\u00fdch slu\u017eeb a provozov\u00e1n\u00ed podnikatelsk\u00e9 \u010dinnosti bez souhlasu Baltic Lodge.<\/li>\n<li>Baltic Lodge si vyhrazuje pr\u00e1vo m\u011bnit tento \u0158\u00e1d. Zm\u011bny budou ozn\u00e1meny 14 dn\u00ed p\u0159ed nabyt\u00edm \u00fa\u010dinnosti a zasl\u00e1ny v\u0161em Rezervuj\u00edc\u00edm s dosud neuskute\u010dn\u011bn\u00fdmi rezervacemi.<\/li>\n<\/ol>\n<\/div><\/div><\/div><\/div><\/div><\/div><\/div><\/section>\n","protected":false},"excerpt":{"rendered":"PROVOZN\u00cd \u0158\u00c1D REKREA\u010cN\u00cdHO ST\u0158EDISKA BALTIC LODGE\u00a7 1 OBECN\u00c1 USTANOVEN\u00cd Tento Provozn\u00ed \u0159\u00e1d (d\u00e1le jen \u201e\u0158\u00e1d\u201c) stanov\u00ed pravidla poskytov\u00e1n\u00ed slu\u017eeb pron\u00e1jmu chat spole\u010dnosti BALTIC LODGE S.C. se s\u00eddlem Boduszewo 15A, 62-095 Boduszewo, NIP: 781-193-69-86 (d\u00e1le jen \u201eBaltic Lodge\u201c) v rekrea\u010dn\u00edm st\u0159edisku v Pobierow\u011b, ul. W\u0105ska 2a (d\u00e1le jen \u201eSt\u0159edisko\u201c). Osoba prov\u00e1d\u011bj\u00edc\u00ed rezervaci (d\u00e1le jen \u201eRezervuj\u00edc\u00ed\u201c) a...","protected":false},"author":1,"featured_media":0,"parent":0,"menu_order":0,"comment_status":"closed","ping_status":"closed","template":"","meta":{"footnotes":""},"class_list":["post-1005","page","type-page","status-publish","hentry"],"yoast_head":"<!-- This site is optimized with the Yoast SEO plugin v27.0 - https:\/\/yoast.com\/product\/yoast-seo-wordpress\/ -->\n<title>Podm\u00ednky Baltic Lodge | Komfortowe domki w Pobierowie<\/title>\n<meta name=\"robots\" content=\"index, follow, max-snippet:-1, max-image-preview:large, max-video-preview:-1\" \/>\n<link rel=\"canonical\" href=\"https:\/\/balticlodge.pl\/cs\/podminky-baltic-lodge\/\" \/>\n<meta property=\"og:locale\" content=\"cs_CZ\" \/>\n<meta property=\"og:type\" content=\"article\" \/>\n<meta property=\"og:title\" content=\"Podm\u00ednky Baltic Lodge | Komfortowe domki w Pobierowie\" \/>\n<meta property=\"og:url\" content=\"https:\/\/balticlodge.pl\/cs\/podminky-baltic-lodge\/\" \/>\n<meta property=\"og:site_name\" content=\"Komfortowe domki w Pobierowie\" \/>\n<meta property=\"article:publisher\" content=\"https:\/\/www.facebook.com\/BalticLodge\/\" \/>\n<meta property=\"article:modified_time\" content=\"2025-11-22T10:02:54+00:00\" \/>\n<meta name=\"twitter:card\" content=\"summary_large_image\" \/>\n<meta name=\"twitter:label1\" content=\"Odhadovan\u00e1 doba \u010dten\u00ed\" \/>\n\t<meta name=\"twitter:data1\" content=\"7 minut\" \/>\n<script type=\"application\/ld+json\" class=\"yoast-schema-graph\">{\"@context\":\"https:\/\/schema.org\",\"@graph\":[{\"@type\":\"WebPage\",\"@id\":\"https:\/\/balticlodge.pl\/cs\/podminky-baltic-lodge\/\",\"url\":\"https:\/\/balticlodge.pl\/cs\/podminky-baltic-lodge\/\",\"name\":\"Podm\u00ednky Baltic Lodge | Komfortowe domki w Pobierowie\",\"isPartOf\":{\"@id\":\"https:\/\/balticlodge.pl\/cs\/#website\"},\"datePublished\":\"2025-11-19T17:07:58+00:00\",\"dateModified\":\"2025-11-22T10:02:54+00:00\",\"breadcrumb\":{\"@id\":\"https:\/\/balticlodge.pl\/cs\/podminky-baltic-lodge\/#breadcrumb\"},\"inLanguage\":\"cs\",\"potentialAction\":[{\"@type\":\"ReadAction\",\"target\":[\"https:\/\/balticlodge.pl\/cs\/podminky-baltic-lodge\/\"]}]},{\"@type\":\"BreadcrumbList\",\"@id\":\"https:\/\/balticlodge.pl\/cs\/podminky-baltic-lodge\/#breadcrumb\",\"itemListElement\":[{\"@type\":\"ListItem\",\"position\":1,\"name\":\"Home\",\"item\":\"https:\/\/balticlodge.pl\/cs\/\"},{\"@type\":\"ListItem\",\"position\":2,\"name\":\"Podm\u00ednky Baltic Lodge\"}]},{\"@type\":\"WebSite\",\"@id\":\"https:\/\/balticlodge.pl\/cs\/#website\",\"url\":\"https:\/\/balticlodge.pl\/cs\/\",\"name\":\"Komfortowe domki w Pobierowie\",\"description\":\"Komfortowe domki w Pobierowie na wynajem. Kameralna le\u015bna okolica, blisko morza, dost\u0119pne ca\u0142y rok.\",\"publisher\":{\"@id\":\"https:\/\/balticlodge.pl\/cs\/#organization\"},\"potentialAction\":[{\"@type\":\"SearchAction\",\"target\":{\"@type\":\"EntryPoint\",\"urlTemplate\":\"https:\/\/balticlodge.pl\/cs\/?s={search_term_string}\"},\"query-input\":{\"@type\":\"PropertyValueSpecification\",\"valueRequired\":true,\"valueName\":\"search_term_string\"}}],\"inLanguage\":\"cs\"},{\"@type\":\"Organization\",\"@id\":\"https:\/\/balticlodge.pl\/cs\/#organization\",\"name\":\"Baltic Lodge\",\"url\":\"https:\/\/balticlodge.pl\/cs\/\",\"logo\":{\"@type\":\"ImageObject\",\"inLanguage\":\"cs\",\"@id\":\"https:\/\/balticlodge.pl\/cs\/#\/schema\/logo\/image\/\",\"url\":\"https:\/\/balticlodge.pl\/wp-content\/uploads\/baltic_lodge_logo.png\",\"contentUrl\":\"https:\/\/balticlodge.pl\/wp-content\/uploads\/baltic_lodge_logo.png\",\"width\":144,\"height\":80,\"caption\":\"Baltic Lodge\"},\"image\":{\"@id\":\"https:\/\/balticlodge.pl\/cs\/#\/schema\/logo\/image\/\"},\"sameAs\":[\"https:\/\/www.facebook.com\/BalticLodge\/\"]}]}<\/script>\n<!-- \/ Yoast SEO plugin. -->","yoast_head_json":{"title":"Podm\u00ednky Baltic Lodge | Komfortowe domki w Pobierowie","robots":{"index":"index","follow":"follow","max-snippet":"max-snippet:-1","max-image-preview":"max-image-preview:large","max-video-preview":"max-video-preview:-1"},"canonical":"https:\/\/balticlodge.pl\/cs\/podminky-baltic-lodge\/","og_locale":"cs_CZ","og_type":"article","og_title":"Podm\u00ednky Baltic Lodge | Komfortowe domki w Pobierowie","og_url":"https:\/\/balticlodge.pl\/cs\/podminky-baltic-lodge\/","og_site_name":"Komfortowe domki w Pobierowie","article_publisher":"https:\/\/www.facebook.com\/BalticLodge\/","article_modified_time":"2025-11-22T10:02:54+00:00","twitter_card":"summary_large_image","twitter_misc":{"Odhadovan\u00e1 doba \u010dten\u00ed":"7 minut"},"schema":{"@context":"https:\/\/schema.org","@graph":[{"@type":"WebPage","@id":"https:\/\/balticlodge.pl\/cs\/podminky-baltic-lodge\/","url":"https:\/\/balticlodge.pl\/cs\/podminky-baltic-lodge\/","name":"Podm\u00ednky Baltic Lodge | Komfortowe domki w Pobierowie","isPartOf":{"@id":"https:\/\/balticlodge.pl\/cs\/#website"},"datePublished":"2025-11-19T17:07:58+00:00","dateModified":"2025-11-22T10:02:54+00:00","breadcrumb":{"@id":"https:\/\/balticlodge.pl\/cs\/podminky-baltic-lodge\/#breadcrumb"},"inLanguage":"cs","potentialAction":[{"@type":"ReadAction","target":["https:\/\/balticlodge.pl\/cs\/podminky-baltic-lodge\/"]}]},{"@type":"BreadcrumbList","@id":"https:\/\/balticlodge.pl\/cs\/podminky-baltic-lodge\/#breadcrumb","itemListElement":[{"@type":"ListItem","position":1,"name":"Home","item":"https:\/\/balticlodge.pl\/cs\/"},{"@type":"ListItem","position":2,"name":"Podm\u00ednky Baltic Lodge"}]},{"@type":"WebSite","@id":"https:\/\/balticlodge.pl\/cs\/#website","url":"https:\/\/balticlodge.pl\/cs\/","name":"Komfortowe domki w Pobierowie","description":"Komfortowe domki w Pobierowie na wynajem. Kameralna le\u015bna okolica, blisko morza, dost\u0119pne ca\u0142y rok.","publisher":{"@id":"https:\/\/balticlodge.pl\/cs\/#organization"},"potentialAction":[{"@type":"SearchAction","target":{"@type":"EntryPoint","urlTemplate":"https:\/\/balticlodge.pl\/cs\/?s={search_term_string}"},"query-input":{"@type":"PropertyValueSpecification","valueRequired":true,"valueName":"search_term_string"}}],"inLanguage":"cs"},{"@type":"Organization","@id":"https:\/\/balticlodge.pl\/cs\/#organization","name":"Baltic Lodge","url":"https:\/\/balticlodge.pl\/cs\/","logo":{"@type":"ImageObject","inLanguage":"cs","@id":"https:\/\/balticlodge.pl\/cs\/#\/schema\/logo\/image\/","url":"https:\/\/balticlodge.pl\/wp-content\/uploads\/baltic_lodge_logo.png","contentUrl":"https:\/\/balticlodge.pl\/wp-content\/uploads\/baltic_lodge_logo.png","width":144,"height":80,"caption":"Baltic Lodge"},"image":{"@id":"https:\/\/balticlodge.pl\/cs\/#\/schema\/logo\/image\/"},"sameAs":["https:\/\/www.facebook.com\/BalticLodge\/"]}]}},"_links":{"self":[{"href":"https:\/\/balticlodge.pl\/cs\/wp-json\/wp\/v2\/pages\/1005","targetHints":{"allow":["GET"]}}],"collection":[{"href":"https:\/\/balticlodge.pl\/cs\/wp-json\/wp\/v2\/pages"}],"about":[{"href":"https:\/\/balticlodge.pl\/cs\/wp-json\/wp\/v2\/types\/page"}],"author":[{"embeddable":true,"href":"https:\/\/balticlodge.pl\/cs\/wp-json\/wp\/v2\/users\/1"}],"replies":[{"embeddable":true,"href":"https:\/\/balticlodge.pl\/cs\/wp-json\/wp\/v2\/comments?post=1005"}],"version-history":[{"count":4,"href":"https:\/\/balticlodge.pl\/cs\/wp-json\/wp\/v2\/pages\/1005\/revisions"}],"predecessor-version":[{"id":1010,"href":"https:\/\/balticlodge.pl\/cs\/wp-json\/wp\/v2\/pages\/1005\/revisions\/1010"}],"wp:attachment":[{"href":"https:\/\/balticlodge.pl\/cs\/wp-json\/wp\/v2\/media?parent=1005"}],"curies":[{"name":"wp","href":"https:\/\/api.w.org\/{rel}","templated":true}]}}