{"id":269,"date":"2017-07-18T06:45:03","date_gmt":"2017-07-18T06:45:03","guid":{"rendered":"http:\/\/balticlodge.pl\/?page_id=269"},"modified":"2025-11-22T10:05:08","modified_gmt":"2025-11-22T10:05:08","slug":"regulamin-baltic-lodge","status":"publish","type":"page","link":"https:\/\/balticlodge.pl\/de\/regulamin-baltic-lodge\/","title":{"rendered":"Baltic Lodge Gesch\u00e4ftsbedingungen"},"content":{"rendered":"<section class=\"l-section wpb_row height_medium\" id=\"regulamin\"><div class=\"l-section-h i-cf\"><div class=\"g-cols vc_row via_flex valign_top type_default stacking_default\"><div class=\"vc_col-sm-12 wpb_column vc_column_container\"><div class=\"vc_column-inner\"><div class=\"wpb_wrapper\"><div class=\"w-separator us_custom_c822cfd9 has_text_color size_huge with_line width_default thick_1 style_solid color_border align_center with_text with_content\"><div class=\"w-separator-h\"><h3 class=\"w-separator-text\"><span>GESCH\u00c4FTSBEDINGUNGEN F\u00dcR DIE FERIENANLAGE BALTIC LODGE<\/span><\/h3><\/div><\/div><div class=\"wpb_text_column\"><div class=\"wpb_wrapper\"><h5 style=\"text-align: center;\">\u00a7 1 ALLGEMEINE BESTIMMUNGEN<\/h5>\n<ol>\n<li>Diese Gesch\u00e4ftsbedingungen (im Weiteren \u201eGesch\u00e4ftsbedingungen\u201d) regeln die Vermietung von Ferienh\u00e4usern durch die Firma BALTIC LODGE S.C. mit Sitz in Boduszewo 15A, 62-095 Boduszewo, NIP: 781-193-69-86 (im Weiteren \u201eBaltic Lodge\u201d) in der Ferienanlage in Pobierowo, ul. W\u0105ska 2a (im Weiteren \u201eAnlage\u201d).<\/li>\n<li>Der Buchungskunde (im Weiteren \u201eBuchungskunde\u201d) sowie alle Personen, die die H\u00e4uservermietung auf dem Gel\u00e4nde der Anlage in Anspruch nehmen (im Weiteren \u201eGast\u201d), sind zur Kenntnisnahme von den Gesch\u00e4ftsbedingungen verpflichtet. Durch die Leistung der Mietanzahlung oder die Unterzeichnung der Anmeldekarte best\u00e4tigen der Buchungskunde und der Gast die Zustimmung zu den Gesch\u00e4ftsbedingungen.<\/li>\n<li>Die Gesch\u00e4ftsbedingungen sind f\u00fcr alle Buchungskunden und sonstigen Personen auf dem Gel\u00e4nde der Anlage g\u00fcltig.<\/li>\n<\/ol>\n<h5 style=\"text-align: center;\">\u00a7 2 BUCHUNG UND ANMELDUNG<\/h5>\n<ol start=\"4\">\n<li>Die Preisliste f\u00fcr die Leistungen von Baltic Lodge und die Zusatzgeb\u00fchren (im Weiteren \u201ePreisliste\u201d) ist auf der Internetseite <a href=\"http:\/\/www.balticlodge.pl\">balticlodge.pl<\/a> einsehbar.<\/li>\n<li>Maximal k\u00f6nnen 7 G\u00e4ste in jedem Ferienhaus untergebracht werden.<\/li>\n<li>Die Mindestmietdauer der Ferienh\u00e4user je nach Saison ist in der Preisliste angegeben.<\/li>\n<li>Die Ferienh\u00e4user in unserer Anlage k\u00f6nnen ausschlie\u00dflich per Telefon unter der Nummer +48 501 858\u00a0911 oder per E-Mail an kontakt@balticlodge.pl gebucht werden.<\/li>\n<li>G\u00e4ste k\u00f6nnen Buchungskunden selbst oder andere von diesen benannte Personen sein.<\/li>\n<li>Voraussetzung f\u00fcr die G\u00fcltigkeit der Buchung ist die Angabe aller Daten des Buchungskunden (Vor- und Zuname, Meldeanschrift, Telefonnummer und E-Mail-Adresse), die Benennung mindestens eines erwachsenen Gasts, die Zahl der G\u00e4ste, f\u00fcr die gebucht wird (separat Erwachsene und Kinder) sowie die termingerechte \u00dcberweisung der Anzahlung in der von Baltic Lodge geforderten und in der Preisliste ausgewiesenen H\u00f6he.<\/li>\n<li>Die \u00dcberweisung der Anzahlung ist gleichbedeutend mit dem Abschluss eines Mietvertrags zwischen dem Buchungskunden und Baltic Lodge, was eine Buchungsbest\u00e4tigung nach sich zieht.<\/li>\n<li>Falls die Anzahlung nach Ma\u00dfgabe der Preisliste und Buchungsdaten nicht in voller H\u00f6he \u00fcberwiesen wird, gilt der unter Ziff. 10 genannte Vertrag als aufgel\u00f6st und Baltic Lodge beh\u00e4lt die \u00fcberwiesene Anzahlung in voller H\u00f6he ein.<\/li>\n<li>Falls der Buchungskunde die Buchung storniert, wird der unter Ziff. 10 genannte Vertrag aufgel\u00f6st. Falls die Stornierung weniger als 31 Tage vor Mietbeginn nach Ma\u00dfgabe der Buchungsbest\u00e4tigung erfolgt, wird dem Buchungskunden eine Geb\u00fchr in H\u00f6he von 100% der zu diesem Datum nach Ma\u00dfgabe der Preisliste f\u00e4lligen Anzahlung berechnet. Die Geb\u00fchr wird von Baltic Lodge von der bereits geleisteten Anzahlung abgezogen; eventuelle Restsummen werden dem Buchungskunden per \u00dcberweisung an das von ihm angegebene Bankkonto zur\u00fcckerstattet.<\/li>\n<li>In begr\u00fcndeten F\u00e4llen, insbesondere bei dokumentierten Rechtfertigungsgr\u00fcnden f\u00fcr die Stornierung der Buchung, kann Baltic Lodge von der Berechnung der unter Ziff. 12 erw\u00e4hnten Geb\u00fchr absehen.<\/li>\n<li>Der Buchungskunde ist nicht zum R\u00fccktritt vom Vertrag gem\u00e4\u00df Art. 38 Ziff. 12 des polnischen Gesetzes vom 30. Mai 2014 \u00fcber die Verbraucherrechte (Gbl. von 2014, Pos. 827) berechtigt.<\/li>\n<li>Die Zahlung f\u00fcr die Leistungen von Baltic Lodge k\u00f6nnen in polnischen Zloty oder Euro nach Ma\u00dfgabe der in der Preisliste angegebenen Preise erfolgen.<\/li>\n<li>Baltic Lodge stellt Mehrwertsteuerrechnungen aus.<\/li>\n<li>Mindestens einer der G\u00e4ste, die im Rahmen einer Buchung in einem der Ferienh\u00e4user untergebracht sind, muss angemeldet werden.<\/li>\n<li>Die Anmeldung der G\u00e4ste erfolgt an der Rezeption der Anlage durch Vorlage eines Ausweisdokuments, Unterzeichnung der Meldekarte und Zahlung der Zusatzgeb\u00fchren nach Ma\u00dfgabe der Preisliste. Au\u00dferdem werden die Schl\u00fcssel f\u00fcr das Ferienhaus an einzelne G\u00e4ste ausgegeben, die im Rahmen einer Buchung das jeweilige Haus bewohnen. Im Falle minderj\u00e4hriger G\u00e4ste liegt die Verantwortung f\u00fcr die Angabe deren pers\u00f6nlicher Daten bei den Erwachsenen, die im Rahmen der jeweiligen Buchung im gleichen Ferienhaus wohnen.<\/li>\n<li>Einer der angemeldeten G\u00e4ste, die im Rahmen der jeweiligen Buchung das Ferienhaus bewohnen, ist zur Einzahlung der Kaution in der in der Preisliste angegebenen H\u00f6he verpflichtet. Die Kaution wird zum Zeitpunkt des Verlassens des Ferienhauses durch den letzten Gast zur\u00fcckerstattet, der im Rahmen der jeweiligen Buchung das Ferienhaus bewohnt hatte.<\/li>\n<li>Baltic Lodge ist zur Ablehnung eines Gasts befugt, der zuvor grob gegen die Gesch\u00e4ftsbedingungen versto\u00dfen hat, insbesondere durch Verursachung von Sachsch\u00e4den oder K\u00f6rperverletzungen.<\/li>\n<li>Falls ein Gast Sch\u00e4den und M\u00e4ngel an dem \u00fcberlassenen Ferienhaus feststellt, m\u00fcssen diese an der Rezeption der Anlage gemeldet werden. Anderenfalls k\u00f6nnen die Kosten f\u00fcr die Sch\u00e4den dem Gast in Rechnung gestellt werden.<\/li>\n<li>Die Abmeldung der G\u00e4ste erfolgt durch die \u00dcbergabe des Hauses an einen Rezeptionsmitarbeiter der Anlage, die Zahlung der w\u00e4hrend des Aufenthalts der G\u00e4ste angefallenen Nutzungs- und sonstigen Geb\u00fchren nach Ma\u00dfgabe der Preisliste, sowie die \u00dcberpr\u00fcfung des technischen Zustands und der Ausstattung des Hauses durch den Mitarbeiter und die R\u00fcckgabe der Hausschl\u00fcssel. Nach der Abmeldung erh\u00e4lt der Gast die einbezahlte Kaution zur\u00fcck. Falls von den G\u00e4sten zu verantwortende Sch\u00e4den oder M\u00e4ngel an dem \u00fcbergebenen Haus oder der Ausstattung festgestellt werden, wird die zur\u00fcckerstattete Kautionssumme um die von Baltic Lodge gesch\u00e4tzte Schadensh\u00f6he vermindert.<\/li>\n<li>Die Absicht einer Verl\u00e4ngerung der Mietdauer ist an der Rezeption der Anlage sp\u00e4testens bis 15:00 Uhr am Tag vor dem Ablauf der Mietdauer nach Ma\u00dfgabe der Buchung zu melden. Eine Verl\u00e4ngerung der Mietdauer ist ausschlie\u00dflich dann m\u00f6glich, wenn in der Anlage freie H\u00e4user zur Verf\u00fcgung stehen.<\/li>\n<li>Im Falle einer Verk\u00fcrzung der Mietdauer wird dem Buchungskunden die gesamte Summe in Rechnung gestellt, die Baltic Lodge im Zusammenhang mit der Buchung zusteht. Die Verk\u00fcrzung der Mietdauer ist an der Rezeption der Anlage zu melden.<\/li>\n<\/ol>\n<h5 style=\"text-align: center;\">\u00a7 3 AUFENTHALTSREGELN<\/h5>\n<ol start=\"25\">\n<li>Die Anreise ist ab 15:00 Uhr m\u00f6glich, die Abreise muss bis 10:00 Uhr erfolgen.<\/li>\n<li>Zwischen 22:00 Uhr und 6:00 Uhr gilt Nachtruhe.<\/li>\n<li>Der Aufenthalt von Personen unter 18 Jahren in der Anlage ist ausschlie\u00dflich unter Aufsicht von Erwachsenen gestattet. Der Aufenthalt von Kindern auf dem Spielplatz ist unter Aufsicht von Erwachsenen und auf deren Verantwortung gestattet.<\/li>\n<li>Die G\u00e4ste sind verpflichtet, das Ferienhaus in angemessenem Zustand zu halten, die T\u00fcr bei jedem Verlassen des Hauses mit dem Schl\u00fcssel abzuschlie\u00dfen und den Schl\u00fcssel so aufzubewahren, dass kein Zugriff durch Dritte m\u00f6glich ist. Beim Verlassen des Hauses sollten aus Sicherheitsgr\u00fcnden alle elektrischen Ger\u00e4te ausgeschaltet und die Wasserh\u00e4hne zugedreht werden.<\/li>\n<li>Das Rauchen ist in den Ferienh\u00e4usern und in anderen R\u00e4umen auf dem Gel\u00e4nde der Anlage nicht gestattet. Bei Verst\u00f6\u00dfen gegen dieses Verbot wird eine Geldstrafe in H\u00f6he von 500 PLN f\u00e4llig.<\/li>\n<li>Die Heizk\u00f6rper in den H\u00e4usern d\u00fcrfen nicht zugedeckt werden, insbesondere d\u00fcrfen keine Kleidungsst\u00fccke und Handt\u00fccher dar\u00fcber geh\u00e4ngt werden. Kleidungsst\u00fccke und Handt\u00fccher k\u00f6nnen \u00fcber die Heizung im Badezimmer geh\u00e4ngt werden.<\/li>\n<li>Wird das ausklappbare Sofa im Wohnzimmer als Schlafplatz genutzt, sind die G\u00e4ste zur Nutzung eines Schutzbetttuchs unter der eigentlichen Bettw\u00e4sche verpflichtet.<\/li>\n<li>Die Aufbewahrung von gef\u00e4hrlichen Gegenst\u00e4nden wie Waffen, Munition, explosive und pyrotechnische Materialien in den Ferienh\u00e4usern ist verboten.<\/li>\n<li>Baltic Lodge haftet nicht f\u00fcr den Verlust von Geld, Wertpapieren, Wertsachen und Gegenst\u00e4nden von wissenschaftlichem oder k\u00fcnstlerischem Wert auf dem Gel\u00e4nde der Anlage. Gegenst\u00e4nde dieser Art bewahrt der Gast auf dem Gel\u00e4nde der Anlage auf eigene Verantwortung auf.<\/li>\n<li>Die gesamte Anlage ist video\u00fcberwacht.<\/li>\n<li>Das Mitbringen von Haustieren ist mit Ausnahme von exotischen Tierarten gestattet. Wird mehr als ein Haustier pro Ferienhaus mitgebracht, f\u00e4llt eine Geb\u00fchr in der in der Preisliste genannten H\u00f6he an. Das Mitbringen von mehr als einem Tier und Tieren mit einem Gewicht von \u00fcber 10 kg muss w\u00e4hrend der Buchung mit Baltic Lodge abgestimmt werden. Wer ein Tier auf das Gel\u00e4nde der Anlage mitbringt, ist zur Beaufsichtigung in einer Weise verpflichtet, dass das Tier keine Gefahr oder Belastung f\u00fcr andere G\u00e4ste und das Personal der Anlage darstellt. Der Tierhalter ist verpflichtet, s\u00e4mtliche Ausscheidungen des Tiers auf dem Gel\u00e4nde der Anlage zu entfernen.<\/li>\n<li>Die Nutzung eigener Ger\u00e4te in den Ferienh\u00e4usern, wie Grills (einschlie\u00dflich Elektrogrills), Tauchsieder oder Wasserkocher ist ohne Vereinbarung mit der Rezeption der Anlage nicht gestattet. Das Anz\u00fcnden von Lagerfeuern und Grills au\u00dferhalb der hierf\u00fcr vorgesehenen Orte sowie pyrotechnischer Erzeugnisse, wie Feuerwerksk\u00f6rper und Petarden, ist nicht gestattet.<\/li>\n<li>Die Vornahme von Ver- und Um\u00e4nderungen aller Art an den H\u00e4usern und der Ausstattung ist verboten.<\/li>\n<li>Das Verursachen von \u00fcberm\u00e4\u00dfigem L\u00e4rm, unangenehmen Ger\u00fcchen und anderen Umst\u00e4nden, die andere G\u00e4ste der Anlage potenziell st\u00f6ren, ist verboten.<\/li>\n<li>S\u00e4mtliche Abf\u00e4lle sind ausschlie\u00dflich in den an ausgewiesenen Stellen auf dem Gel\u00e4nde der Anlage aufgestellten Beh\u00e4ltern zu entsorgen, wobei die Abf\u00e4lle entsprechend der Beschreibung der Beh\u00e4lter zu trennen sind.<\/li>\n<li>Jedem vermieteten Ferienhaus ist jeweils ein Parkplatz f\u00fcr einen PKW zugewiesen. Der Gast kann einen zus\u00e4tzlichen Parkplatz gegen eine Zusatzgeb\u00fchr nach Ma\u00dfgabe der Preisliste anmieten, insofern freie Pl\u00e4tze verf\u00fcgbar sind.<\/li>\n<li>Die G\u00e4ste haften f\u00fcr selbst verschuldete Sch\u00e4den nach Ma\u00dfgabe des polnischen Zivilgesetzbuchs. Die G\u00e4ste sind verpflichtet, die Rezeption der Anlage umgehend \u00fcber selbst verschuldete Sch\u00e4den (Personen- oder Sachsch\u00e4den) zu informieren.<\/li>\n<\/ol>\n<h5 style=\"text-align: center;\">\u00a7 4 HAFTUNG VON BALTIC LODGE<\/h5>\n<ol start=\"42\">\n<li>Baltic Lodge haftet f\u00fcr Personen- oder Sachsch\u00e4den, die dem Gast auf dem Gel\u00e4nde der Anlage entstehen, nach Ma\u00dfgabe der in den geltenden gesetzlichen Vorschriften vorgesehenen Regelungen. Der Gast ist verpflichtet, die Rezeption der Anlage umgehend nach der Feststellung \u00fcber entstandene Sch\u00e4den zu informieren.<\/li>\n<li>Falls ein Gast nach der Abmeldung aus dem Ferienhaus eine ihm geh\u00f6rende bewegliche Sache dort zur\u00fcckl\u00e4sst, ist der Dienstleister verpflichtet, nach Ma\u00dfgabe der Vorschriften des polnischen Gesetzes vom 20. Februar 2015 \u00fcber Fundsachen (Gbl. von 2015 Pos. 397) sowie den allgemein geltenden Vorschriften vorzugehen.<\/li>\n<\/ol>\n<h5 style=\"text-align: center;\">\u00a7 5 REKLAMATIONEN<\/h5>\n<ol start=\"44\">\n<li>Reklamationen k\u00f6nnen wegen mangelnder oder nicht angemessener Vertragserf\u00fcllung durch Baltic Lodge eingereicht werden.<\/li>\n<li>Eine Reklamation kann innerhalb von 30 Tagen ab der Feststellung des Versto\u00dfes durch den Buchungskunden oder Gast gemeldet werden.<\/li>\n<li>Die Reklamation ist unverz\u00fcglich nach Feststellung des Versto\u00dfes m\u00fcndlich an der Rezeption der Anlage, schriftlich an die Anschrift des Sitzes von Baltic Lodge oder per E-Mail an die Adresse kontakt@balticlodge.pl zu melden.<\/li>\n<li>Die Reklamation sollte folgende Angaben beinhalten: Vor- und Zuname und Kontaktdaten des Meldenden, den betroffenen Buchungszeitraum und eine Beschreibung des Versto\u00dfes.<\/li>\n<li>Reklamationen werden innerhalb von 30 Tagen ab Zustellung bearbeitet. In begr\u00fcndeten F\u00e4llen kann diese Frist verl\u00e4ngert werden, wobei Baltic Lodge den Meldenden hier\u00fcber informiert. Im Falle einer m\u00fcndlichen Reklamation ist Baltic Lodge um eine sofortige Bearbeitung bem\u00fcht.<\/li>\n<\/ol>\n<h5 style=\"text-align: center;\">\u00a7 6 ABSCHLIESSENDE BESTIMMUNGEN<\/h5>\n<ol start=\"49\">\n<li>Buchungskunden und G\u00e4ste stimmen der Verarbeitung ihrer personenbezogenen Daten nach Ma\u00dfgabe gem\u00e4\u00df der Verordnung (EU) 2016\/679 des Europ\u00e4ischen Parlaments und des Rates vom 27. April 2016 \u00fcber den Schutz des Einzelnen bei der Verarbeitung personenbezogener Daten sowie \u00fcber den freien Datenverkehr und die Aufhebung der Richtlinie einverstanden 95\/46 \/ EG (Allgemeine Datenschutzverordnung &#8211; DSGVO) und das Gesetz zum Schutz personenbezogener Daten vom 10. Mai 2018 durch Baltic Lodge f\u00fcr die Zwecke der Vertragsrealisierung gem\u00e4\u00df Ziff. 10 genannte Vertrag aufgel\u00f6st.<\/li>\n<li>Auf Angelegenheiten, die in den Gesch\u00e4ftsbedingungen nicht geregelt sind, finden die Vorschriften des polnischen Zivilgesetzbuchs und sonstige allgemein geltende Rechtsvorschriften Anwendung.<\/li>\n<li>Alle Streitigkeiten zwischen Baltic Lodge und dem Buchungskunden oder Gast werden f\u00fcr den Fall, dass keine g\u00fctliche Einigung m\u00f6glich ist, dem zust\u00e4ndigen allgemeinen Gericht zur Entscheidung vorgelegt.<\/li>\n<li>Auf dem Gel\u00e4nde der Anlage ist der Haust\u00fcrverkauf, die Erbringung sonstiger Dienstleistungen und der Gewerbebetrieb ohne Genehmigung von Baltic Lodge nicht gestattet.<\/li>\n<li>Baltic Lodge beh\u00e4lt sich das Recht vor, \u00c4nderungen an diesen Gesch\u00e4ftsbedingungen vorzunehmen. \u00c4nderungen werden 14 Tage vor dem Inkrafttreten bekannt gemacht und per E-Mail an alle Buchungskunden versandt, die noch nicht realisierte Buchungen in der Anlage vorgenommen haben.<\/li>\n<\/ol>\n<\/div><\/div><\/div><\/div><\/div><\/div><\/div><\/section>\n","protected":false},"excerpt":{"rendered":"GESCH\u00c4FTSBEDINGUNGEN F\u00dcR DIE FERIENANLAGE BALTIC LODGE\u00a7 1 ALLGEMEINE BESTIMMUNGEN Diese Gesch\u00e4ftsbedingungen (im Weiteren \u201eGesch\u00e4ftsbedingungen\u201d) regeln die Vermietung von Ferienh\u00e4usern durch die Firma BALTIC LODGE S.C. mit Sitz in Boduszewo 15A, 62-095 Boduszewo, NIP: 781-193-69-86 (im Weiteren \u201eBaltic Lodge\u201d) in der Ferienanlage in Pobierowo, ul. W\u0105ska 2a (im Weiteren \u201eAnlage\u201d). Der Buchungskunde (im Weiteren \u201eBuchungskunde\u201d) sowie...","protected":false},"author":1,"featured_media":0,"parent":0,"menu_order":0,"comment_status":"closed","ping_status":"closed","template":"","meta":{"footnotes":""},"class_list":["post-269","page","type-page","status-publish","hentry"],"yoast_head":"<!-- This site is optimized with the Yoast SEO plugin v27.0 - https:\/\/yoast.com\/product\/yoast-seo-wordpress\/ -->\n<title>Baltic Lodge Gesch\u00e4ftsbedingungen | Luxus Ferienh\u00e4user in Pobierowo<\/title>\n<meta name=\"robots\" content=\"index, follow, max-snippet:-1, max-image-preview:large, max-video-preview:-1\" \/>\n<link rel=\"canonical\" href=\"https:\/\/balticlodge.pl\/de\/regulamin-baltic-lodge\/\" \/>\n<meta property=\"og:locale\" content=\"de_DE\" \/>\n<meta property=\"og:type\" content=\"article\" \/>\n<meta property=\"og:title\" content=\"Baltic Lodge Gesch\u00e4ftsbedingungen | Luxus Ferienh\u00e4user in Pobierowo\" \/>\n<meta property=\"og:url\" content=\"https:\/\/balticlodge.pl\/de\/regulamin-baltic-lodge\/\" \/>\n<meta property=\"og:site_name\" content=\"Komfortowe domki w Pobierowie\" \/>\n<meta property=\"article:publisher\" content=\"https:\/\/www.facebook.com\/BalticLodge\/\" \/>\n<meta property=\"article:modified_time\" content=\"2025-11-22T10:05:08+00:00\" \/>\n<meta name=\"twitter:card\" content=\"summary_large_image\" \/>\n<meta name=\"twitter:label1\" content=\"Gesch\u00e4tzte Lesezeit\" \/>\n\t<meta name=\"twitter:data1\" content=\"11\u00a0Minuten\" \/>\n<script type=\"application\/ld+json\" class=\"yoast-schema-graph\">{\"@context\":\"https:\/\/schema.org\",\"@graph\":[{\"@type\":\"WebPage\",\"@id\":\"https:\/\/balticlodge.pl\/de\/regulamin-baltic-lodge\/\",\"url\":\"https:\/\/balticlodge.pl\/de\/regulamin-baltic-lodge\/\",\"name\":\"Baltic Lodge Gesch\u00e4ftsbedingungen | Luxus Ferienh\u00e4user in Pobierowo\",\"isPartOf\":{\"@id\":\"https:\/\/balticlodge.pl\/de\/#website\"},\"datePublished\":\"2017-07-18T06:45:03+00:00\",\"dateModified\":\"2025-11-22T10:05:08+00:00\",\"breadcrumb\":{\"@id\":\"https:\/\/balticlodge.pl\/de\/regulamin-baltic-lodge\/#breadcrumb\"},\"inLanguage\":\"de\",\"potentialAction\":[{\"@type\":\"ReadAction\",\"target\":[\"https:\/\/balticlodge.pl\/de\/regulamin-baltic-lodge\/\"]}]},{\"@type\":\"BreadcrumbList\",\"@id\":\"https:\/\/balticlodge.pl\/de\/regulamin-baltic-lodge\/#breadcrumb\",\"itemListElement\":[{\"@type\":\"ListItem\",\"position\":1,\"name\":\"Home\",\"item\":\"https:\/\/balticlodge.pl\/de\/\"},{\"@type\":\"ListItem\",\"position\":2,\"name\":\"Baltic Lodge Gesch\u00e4ftsbedingungen\"}]},{\"@type\":\"WebSite\",\"@id\":\"https:\/\/balticlodge.pl\/de\/#website\",\"url\":\"https:\/\/balticlodge.pl\/de\/\",\"name\":\"Komfortowe domki w Pobierowie\",\"description\":\"Komfortowe domki w Pobierowie na wynajem. Kameralna le\u015bna okolica, blisko morza, dost\u0119pne ca\u0142y rok.\",\"publisher\":{\"@id\":\"https:\/\/balticlodge.pl\/de\/#organization\"},\"potentialAction\":[{\"@type\":\"SearchAction\",\"target\":{\"@type\":\"EntryPoint\",\"urlTemplate\":\"https:\/\/balticlodge.pl\/de\/?s={search_term_string}\"},\"query-input\":{\"@type\":\"PropertyValueSpecification\",\"valueRequired\":true,\"valueName\":\"search_term_string\"}}],\"inLanguage\":\"de\"},{\"@type\":\"Organization\",\"@id\":\"https:\/\/balticlodge.pl\/de\/#organization\",\"name\":\"Baltic Lodge\",\"url\":\"https:\/\/balticlodge.pl\/de\/\",\"logo\":{\"@type\":\"ImageObject\",\"inLanguage\":\"de\",\"@id\":\"https:\/\/balticlodge.pl\/de\/#\/schema\/logo\/image\/\",\"url\":\"https:\/\/balticlodge.pl\/wp-content\/uploads\/baltic_lodge_logo.png\",\"contentUrl\":\"https:\/\/balticlodge.pl\/wp-content\/uploads\/baltic_lodge_logo.png\",\"width\":144,\"height\":80,\"caption\":\"Baltic Lodge\"},\"image\":{\"@id\":\"https:\/\/balticlodge.pl\/de\/#\/schema\/logo\/image\/\"},\"sameAs\":[\"https:\/\/www.facebook.com\/BalticLodge\/\"]}]}<\/script>\n<!-- \/ Yoast SEO plugin. -->","yoast_head_json":{"title":"Baltic Lodge Gesch\u00e4ftsbedingungen | Luxus Ferienh\u00e4user in Pobierowo","robots":{"index":"index","follow":"follow","max-snippet":"max-snippet:-1","max-image-preview":"max-image-preview:large","max-video-preview":"max-video-preview:-1"},"canonical":"https:\/\/balticlodge.pl\/de\/regulamin-baltic-lodge\/","og_locale":"de_DE","og_type":"article","og_title":"Baltic Lodge Gesch\u00e4ftsbedingungen | Luxus Ferienh\u00e4user in Pobierowo","og_url":"https:\/\/balticlodge.pl\/de\/regulamin-baltic-lodge\/","og_site_name":"Komfortowe domki w Pobierowie","article_publisher":"https:\/\/www.facebook.com\/BalticLodge\/","article_modified_time":"2025-11-22T10:05:08+00:00","twitter_card":"summary_large_image","twitter_misc":{"Gesch\u00e4tzte Lesezeit":"11\u00a0Minuten"},"schema":{"@context":"https:\/\/schema.org","@graph":[{"@type":"WebPage","@id":"https:\/\/balticlodge.pl\/de\/regulamin-baltic-lodge\/","url":"https:\/\/balticlodge.pl\/de\/regulamin-baltic-lodge\/","name":"Baltic Lodge Gesch\u00e4ftsbedingungen | Luxus Ferienh\u00e4user in Pobierowo","isPartOf":{"@id":"https:\/\/balticlodge.pl\/de\/#website"},"datePublished":"2017-07-18T06:45:03+00:00","dateModified":"2025-11-22T10:05:08+00:00","breadcrumb":{"@id":"https:\/\/balticlodge.pl\/de\/regulamin-baltic-lodge\/#breadcrumb"},"inLanguage":"de","potentialAction":[{"@type":"ReadAction","target":["https:\/\/balticlodge.pl\/de\/regulamin-baltic-lodge\/"]}]},{"@type":"BreadcrumbList","@id":"https:\/\/balticlodge.pl\/de\/regulamin-baltic-lodge\/#breadcrumb","itemListElement":[{"@type":"ListItem","position":1,"name":"Home","item":"https:\/\/balticlodge.pl\/de\/"},{"@type":"ListItem","position":2,"name":"Baltic Lodge Gesch\u00e4ftsbedingungen"}]},{"@type":"WebSite","@id":"https:\/\/balticlodge.pl\/de\/#website","url":"https:\/\/balticlodge.pl\/de\/","name":"Komfortowe domki w Pobierowie","description":"Komfortowe domki w Pobierowie na wynajem. Kameralna le\u015bna okolica, blisko morza, dost\u0119pne ca\u0142y rok.","publisher":{"@id":"https:\/\/balticlodge.pl\/de\/#organization"},"potentialAction":[{"@type":"SearchAction","target":{"@type":"EntryPoint","urlTemplate":"https:\/\/balticlodge.pl\/de\/?s={search_term_string}"},"query-input":{"@type":"PropertyValueSpecification","valueRequired":true,"valueName":"search_term_string"}}],"inLanguage":"de"},{"@type":"Organization","@id":"https:\/\/balticlodge.pl\/de\/#organization","name":"Baltic Lodge","url":"https:\/\/balticlodge.pl\/de\/","logo":{"@type":"ImageObject","inLanguage":"de","@id":"https:\/\/balticlodge.pl\/de\/#\/schema\/logo\/image\/","url":"https:\/\/balticlodge.pl\/wp-content\/uploads\/baltic_lodge_logo.png","contentUrl":"https:\/\/balticlodge.pl\/wp-content\/uploads\/baltic_lodge_logo.png","width":144,"height":80,"caption":"Baltic Lodge"},"image":{"@id":"https:\/\/balticlodge.pl\/de\/#\/schema\/logo\/image\/"},"sameAs":["https:\/\/www.facebook.com\/BalticLodge\/"]}]}},"_links":{"self":[{"href":"https:\/\/balticlodge.pl\/de\/wp-json\/wp\/v2\/pages\/269","targetHints":{"allow":["GET"]}}],"collection":[{"href":"https:\/\/balticlodge.pl\/de\/wp-json\/wp\/v2\/pages"}],"about":[{"href":"https:\/\/balticlodge.pl\/de\/wp-json\/wp\/v2\/types\/page"}],"author":[{"embeddable":true,"href":"https:\/\/balticlodge.pl\/de\/wp-json\/wp\/v2\/users\/1"}],"replies":[{"embeddable":true,"href":"https:\/\/balticlodge.pl\/de\/wp-json\/wp\/v2\/comments?post=269"}],"version-history":[{"count":1,"href":"https:\/\/balticlodge.pl\/de\/wp-json\/wp\/v2\/pages\/269\/revisions"}],"predecessor-version":[{"id":1012,"href":"https:\/\/balticlodge.pl\/de\/wp-json\/wp\/v2\/pages\/269\/revisions\/1012"}],"wp:attachment":[{"href":"https:\/\/balticlodge.pl\/de\/wp-json\/wp\/v2\/media?parent=269"}],"curies":[{"name":"wp","href":"https:\/\/api.w.org\/{rel}","templated":true}]}}